{"id":1154,"date":"2023-10-27T10:17:00","date_gmt":"2023-10-27T08:17:00","guid":{"rendered":"https:\/\/omra-asso.fr\/?page_id=1154"},"modified":"2023-12-18T11:58:46","modified_gmt":"2023-12-18T10:58:46","slug":"a-propos","status":"publish","type":"page","link":"https:\/\/omra-asso.fr\/index.php\/a-propos\/","title":{"rendered":"A propos"},"content":{"rendered":"\t\t<div data-elementor-type=\"wp-page\" data-elementor-id=\"1154\" class=\"elementor elementor-1154\">\n\t\t\t\t\t\t<section class=\"elementor-section elementor-top-section elementor-element elementor-element-8ce6720 elementor-section-boxed elementor-section-height-default elementor-section-height-default\" data-id=\"8ce6720\" data-element_type=\"section\" data-e-type=\"section\" data-settings=\"{&quot;background_background&quot;:&quot;classic&quot;}\">\n\t\t\t\t\t\t\t<div class=\"elementor-background-overlay\"><\/div>\n\t\t\t\t\t\t\t<div class=\"elementor-container elementor-column-gap-no\">\n\t\t\t\t\t<div class=\"elementor-column elementor-col-50 elementor-top-column elementor-element elementor-element-b341cfa\" data-id=\"b341cfa\" data-element_type=\"column\" data-e-type=\"column\">\n\t\t\t<div class=\"elementor-widget-wrap elementor-element-populated\">\n\t\t\t\t\t\t<div class=\"elementor-element elementor-element-6056509 elementor-vertical-align-top elementor-widget elementor-widget-image-box\" data-id=\"6056509\" data-element_type=\"widget\" data-e-type=\"widget\" data-widget_type=\"image-box.default\">\n\t\t\t\t\t<div class=\"elementor-image-box-wrapper\"><div class=\"elementor-image-box-content\"><h1 class=\"elementor-image-box-title\">A propos de l'OMRA<\/h1><\/div><\/div>\t\t\t\t<\/div>\n\t\t\t\t\t<\/div>\n\t\t<\/div>\n\t\t\t\t<div class=\"elementor-column elementor-col-50 elementor-top-column elementor-element elementor-element-354ca86\" data-id=\"354ca86\" data-element_type=\"column\" data-e-type=\"column\">\n\t\t\t<div class=\"elementor-widget-wrap elementor-element-populated\">\n\t\t\t\t\t\t<div class=\"elementor-element elementor-element-20fe7f1 elementor-widget__width-initial elementor-widget elementor-widget-image\" data-id=\"20fe7f1\" data-element_type=\"widget\" data-e-type=\"widget\" data-widget_type=\"image.default\">\n\t\t\t\t\t\t\t\t\t\t\t\t\t\t\t<img fetchpriority=\"high\" decoding=\"async\" width=\"2048\" height=\"1269\" src=\"https:\/\/omra-asso.fr\/wp-content\/uploads\/2023\/12\/Photo-de-Montelimar-2048x1269.jpg\" class=\"attachment-2048x2048 size-2048x2048 wp-image-3074\" alt=\"\" srcset=\"https:\/\/omra-asso.fr\/wp-content\/uploads\/2023\/12\/Photo-de-Montelimar-2048x1269.jpg 2048w, https:\/\/omra-asso.fr\/wp-content\/uploads\/2023\/12\/Photo-de-Montelimar-300x186.jpg 300w, https:\/\/omra-asso.fr\/wp-content\/uploads\/2023\/12\/Photo-de-Montelimar-1024x634.jpg 1024w, https:\/\/omra-asso.fr\/wp-content\/uploads\/2023\/12\/Photo-de-Montelimar-768x476.jpg 768w, https:\/\/omra-asso.fr\/wp-content\/uploads\/2023\/12\/Photo-de-Montelimar-1536x952.jpg 1536w\" sizes=\"(max-width: 2048px) 100vw, 2048px\" \/>\t\t\t\t\t\t\t\t\t\t\t\t\t\t\t<\/div>\n\t\t\t\t\t<\/div>\n\t\t<\/div>\n\t\t\t\t\t<\/div>\n\t\t<\/section>\n\t\t\t\t<section class=\"elementor-section elementor-top-section elementor-element elementor-element-eafb22d elementor-section-content-middle elementor-section-boxed elementor-section-height-default elementor-section-height-default\" data-id=\"eafb22d\" data-element_type=\"section\" data-e-type=\"section\">\n\t\t\t\t\t\t<div class=\"elementor-container elementor-column-gap-no\">\n\t\t\t\t\t<div class=\"elementor-column elementor-col-100 elementor-top-column elementor-element elementor-element-d04299c\" data-id=\"d04299c\" data-element_type=\"column\" data-e-type=\"column\">\n\t\t\t<div class=\"elementor-widget-wrap elementor-element-populated\">\n\t\t\t\t\t\t<div class=\"elementor-element elementor-element-b65c239 elementor-widget elementor-widget-heading\" data-id=\"b65c239\" data-element_type=\"widget\" data-e-type=\"widget\" data-widget_type=\"heading.default\">\n\t\t\t\t\t<h2 class=\"elementor-heading-title elementor-size-default\">Office Montilien de la Retraite Active<\/h2>\t\t\t\t<\/div>\n\t\t\t\t<div class=\"elementor-element elementor-element-bcc296c elementor-widget elementor-widget-text-editor\" data-id=\"bcc296c\" data-element_type=\"widget\" data-e-type=\"widget\" data-widget_type=\"text-editor.default\">\n\t\t\t\t\t\t\t\t\t<p>Cr\u00e9ation de l&rsquo;<strong>Office Montilien de la Retraite Active<\/strong>, le 5 avril 1994, sous le r\u00e9gime de la loi des associations 1901, sur proposition du D\u00e9put\u00e9-maire de l\u2019\u00e9poque\u00a0<strong>Thierry Cornillet<\/strong>\u00a0qui met en place le premier conseil d&rsquo;administration de l&rsquo;association qui sera pr\u00e9sid\u00e9 par le docteur G\u00e9rard Redon.<\/p><ul><li>Informer, promouvoir et coordonner toutes initiatives en faveur des seniors.<\/li><li>Organiser des \u00e9v\u00e8nements, animations et manifestations au b\u00e9n\u00e9fice des seniors.<\/li><li>Mieux cerner le ph\u00e9nom\u00e8ne du vieillissement et les probl\u00e8mes qu\u2019il engendre.<\/li><\/ul><p>L&rsquo;OMRA permet une repr\u00e9sentativit\u00e9 efficace des seniors. L\u2019association se veut <strong>une passerelle entre le monde actif<\/strong> que l\u2019on quitte \u00e0 60 ans <strong>et le monde associatif<\/strong> que l\u2019on va d\u00e9couvrir lors d\u2019animations auxquelles participent les membres des diff\u00e9rentes associations. <strong>Ces associations<\/strong> contribuent par leurs actions propres \u00e0 <strong>l&rsquo;animation de notre ville<\/strong>.<\/p>\t\t\t\t\t\t\t\t<\/div>\n\t\t\t\t\t<\/div>\n\t\t<\/div>\n\t\t\t\t\t<\/div>\n\t\t<\/section>\n\t\t<div class=\"elementor-element elementor-element-803b86c e-flex e-con-boxed e-con e-parent\" data-id=\"803b86c\" data-element_type=\"container\" data-e-type=\"container\">\n\t\t\t\t\t<div class=\"e-con-inner\">\n\t\t<div class=\"elementor-element elementor-element-025b853 e-con-full e-flex e-con e-child\" data-id=\"025b853\" data-element_type=\"container\" data-e-type=\"container\">\n\t\t\t\t<div class=\"elementor-element elementor-element-5ca17a6 elementor-widget__width-initial elementor-widget elementor-widget-image\" data-id=\"5ca17a6\" data-element_type=\"widget\" data-e-type=\"widget\" data-widget_type=\"image.default\">\n\t\t\t\t\t\t\t\t\t\t\t\t\t\t\t<img decoding=\"async\" width=\"2048\" height=\"1385\" src=\"https:\/\/omra-asso.fr\/wp-content\/uploads\/2023\/12\/20230613_123316-1-2048x1385.jpg\" class=\"attachment-2048x2048 size-2048x2048 wp-image-3167\" alt=\"\" srcset=\"https:\/\/omra-asso.fr\/wp-content\/uploads\/2023\/12\/20230613_123316-1-2048x1385.jpg 2048w, https:\/\/omra-asso.fr\/wp-content\/uploads\/2023\/12\/20230613_123316-1-300x203.jpg 300w, https:\/\/omra-asso.fr\/wp-content\/uploads\/2023\/12\/20230613_123316-1-1024x693.jpg 1024w, https:\/\/omra-asso.fr\/wp-content\/uploads\/2023\/12\/20230613_123316-1-768x519.jpg 768w, https:\/\/omra-asso.fr\/wp-content\/uploads\/2023\/12\/20230613_123316-1-1536x1039.jpg 1536w\" sizes=\"(max-width: 2048px) 100vw, 2048px\" \/>\t\t\t\t\t\t\t\t\t\t\t\t\t\t\t<\/div>\n\t\t\t\t<\/div>\n\t\t<div class=\"elementor-element elementor-element-42d36f8 e-con-full e-flex e-con e-child\" data-id=\"42d36f8\" data-element_type=\"container\" data-e-type=\"container\">\n\t\t\t\t<div class=\"elementor-element elementor-element-836de31 elementor-widget__width-initial elementor-widget elementor-widget-image\" data-id=\"836de31\" data-element_type=\"widget\" data-e-type=\"widget\" data-widget_type=\"image.default\">\n\t\t\t\t\t\t\t\t\t\t\t\t\t\t\t<img decoding=\"async\" width=\"768\" height=\"576\" src=\"https:\/\/omra-asso.fr\/wp-content\/uploads\/2023\/12\/20220518_154644-Copie-1-768x576.jpg\" class=\"attachment-medium_large size-medium_large wp-image-3159\" alt=\"\" srcset=\"https:\/\/omra-asso.fr\/wp-content\/uploads\/2023\/12\/20220518_154644-Copie-1-768x576.jpg 768w, https:\/\/omra-asso.fr\/wp-content\/uploads\/2023\/12\/20220518_154644-Copie-1-300x225.jpg 300w, https:\/\/omra-asso.fr\/wp-content\/uploads\/2023\/12\/20220518_154644-Copie-1-1024x768.jpg 1024w, https:\/\/omra-asso.fr\/wp-content\/uploads\/2023\/12\/20220518_154644-Copie-1-1536x1152.jpg 1536w, https:\/\/omra-asso.fr\/wp-content\/uploads\/2023\/12\/20220518_154644-Copie-1-2048x1536.jpg 2048w\" sizes=\"(max-width: 768px) 100vw, 768px\" \/>\t\t\t\t\t\t\t\t\t\t\t\t\t\t\t<\/div>\n\t\t\t\t<\/div>\n\t\t<div class=\"elementor-element elementor-element-be1f63f e-con-full e-flex e-con e-child\" data-id=\"be1f63f\" data-element_type=\"container\" data-e-type=\"container\">\n\t\t\t\t<div class=\"elementor-element elementor-element-a2a5c59 elementor-widget__width-initial elementor-widget elementor-widget-image\" data-id=\"a2a5c59\" data-element_type=\"widget\" data-e-type=\"widget\" data-widget_type=\"image.default\">\n\t\t\t\t\t\t\t\t\t\t\t\t\t\t\t<img loading=\"lazy\" decoding=\"async\" width=\"768\" height=\"576\" src=\"https:\/\/omra-asso.fr\/wp-content\/uploads\/2023\/12\/Photo-OMRA-SODEXO-3-mai-23-768x576.jpg\" class=\"attachment-medium_large size-medium_large wp-image-3165\" alt=\"\" srcset=\"https:\/\/omra-asso.fr\/wp-content\/uploads\/2023\/12\/Photo-OMRA-SODEXO-3-mai-23-768x576.jpg 768w, https:\/\/omra-asso.fr\/wp-content\/uploads\/2023\/12\/Photo-OMRA-SODEXO-3-mai-23-300x225.jpg 300w, https:\/\/omra-asso.fr\/wp-content\/uploads\/2023\/12\/Photo-OMRA-SODEXO-3-mai-23-1024x768.jpg 1024w, https:\/\/omra-asso.fr\/wp-content\/uploads\/2023\/12\/Photo-OMRA-SODEXO-3-mai-23-1536x1152.jpg 1536w, https:\/\/omra-asso.fr\/wp-content\/uploads\/2023\/12\/Photo-OMRA-SODEXO-3-mai-23-2048x1536.jpg 2048w\" sizes=\"(max-width: 768px) 100vw, 768px\" \/>\t\t\t\t\t\t\t\t\t\t\t\t\t\t\t<\/div>\n\t\t\t\t<\/div>\n\t\t\t\t\t<\/div>\n\t\t\t\t<\/div>\n\t\t\t\t<section class=\"elementor-section elementor-top-section elementor-element elementor-element-c51dcc2 elementor-section-content-middle elementor-section-boxed elementor-section-height-default elementor-section-height-default\" data-id=\"c51dcc2\" data-element_type=\"section\" data-e-type=\"section\">\n\t\t\t\t\t\t<div class=\"elementor-container elementor-column-gap-no\">\n\t\t\t\t\t<div class=\"elementor-column elementor-col-100 elementor-top-column elementor-element elementor-element-f42fa60\" data-id=\"f42fa60\" data-element_type=\"column\" data-e-type=\"column\">\n\t\t\t<div class=\"elementor-widget-wrap elementor-element-populated\">\n\t\t\t\t\t\t<div class=\"elementor-element elementor-element-d0a545c elementor-widget elementor-widget-heading\" data-id=\"d0a545c\" data-element_type=\"widget\" data-e-type=\"widget\" data-widget_type=\"heading.default\">\n\t\t\t\t\t<h2 class=\"elementor-heading-title elementor-size-default\">L'association<\/h2>\t\t\t\t<\/div>\n\t\t\t\t<div class=\"elementor-element elementor-element-a4bbd70 elementor-widget elementor-widget-text-editor\" data-id=\"a4bbd70\" data-element_type=\"widget\" data-e-type=\"widget\" data-widget_type=\"text-editor.default\">\n\t\t\t\t\t\t\t\t\t<p>En 2015, nous avons \u00e9t\u00e9 amen\u00e9s \u00e0 modifier nos statuts et \u00e0 renouveler une partie du Conseil d\u2019administration.<br \/>Celui-ci est compos\u00e9 \u00e0 ce jour de 9 membres tous b\u00e9n\u00e9voles auxquels se sont ajout\u00e9s de nombreux adh\u00e9rents qui font vivre l\u2019association.<\/p>\t\t\t\t\t\t\t\t<\/div>\n\t\t\t\t<div class=\"elementor-element elementor-element-92a475f elementor-widget-divider--view-line elementor-widget elementor-widget-divider\" data-id=\"92a475f\" data-element_type=\"widget\" data-e-type=\"widget\" data-widget_type=\"divider.default\">\n\t\t\t\t\t\t\t<div class=\"elementor-divider\">\n\t\t\t<span class=\"elementor-divider-separator\">\n\t\t\t\t\t\t<\/span>\n\t\t<\/div>\n\t\t\t\t\t\t<\/div>\n\t\t\t\t<div class=\"elementor-element elementor-element-ff6e24f elementor-widget elementor-widget-heading\" data-id=\"ff6e24f\" data-element_type=\"widget\" data-e-type=\"widget\" data-widget_type=\"heading.default\">\n\t\t\t\t\t<h4 class=\"elementor-heading-title elementor-size-default\">MEMBRES DU CONSEIL D'ADMINISTRATION  DE L'OMRA\n\nau 25.10.2022<\/h4>\t\t\t\t<\/div>\n\t\t\t\t<div class=\"elementor-element elementor-element-17ae5d1 elementor-widget elementor-widget-text-editor\" data-id=\"17ae5d1\" data-element_type=\"widget\" data-e-type=\"widget\" data-widget_type=\"text-editor.default\">\n\t\t\t\t\t\t\t\t\t<table border=\"0\" cellspacing=\"0\" cellpadding=\"0\" align=\"\"><tbody><tr><td>CORNILLET<\/td><td>Marie-France<\/td><td>Pr\u00e9sidente<\/td><\/tr><tr><td>MECHET<\/td><td>Jacqueline<\/td><td>Vice-Pr\u00e9sidente<\/td><\/tr><tr><td>MITTON<\/td><td>Alain<\/td><td>Tr\u00e9sorier<\/td><\/tr><tr><td>ARNAUD<\/td><td>Mellie Michele<\/td><td>Tr\u00e9sori\u00e8re Adjointe<\/td><\/tr><tr><td>CHABANIS<\/td><td>Valerie<\/td><td>Secr\u00e9taire<\/td><\/tr><tr><td>FAURE<\/td><td>Michel<\/td><td>Membre Conseil Administration<\/td><\/tr><tr><td>GAULUPEAU<\/td><td>Marie-Christine<\/td><td>Membre Conseil Administration<\/td><\/tr><tr><td>SEDILLEAU<\/td><td>Micheline<\/td><td>Membre Conseil Administration<\/td><\/tr><tr><td>SOUVAIRAN<\/td><td>Martine<\/td><td>Membre Conseil Administration<\/td><\/tr><\/tbody><\/table>\t\t\t\t\t\t\t\t<\/div>\n\t\t\t\t<div class=\"elementor-element elementor-element-3bd6ce4 elementor-widget elementor-widget-text-editor\" data-id=\"3bd6ce4\" data-element_type=\"widget\" data-e-type=\"widget\" data-widget_type=\"text-editor.default\">\n\t\t\t\t\t\t\t\t\t<p><strong>Les B\u00e9n\u00e9voles<\/strong> : Annette Biret, Brigitte Avinens, Catherine Bilaniuk, Chantal Berang, Claudette Riou, Denise Vachet, Eliane Berchoux, Josyane Joubert, Jean M\u00e9chet, Mich\u00e8le Nautou, Lili Rossi, Marie-Jos\u00e9e Sanchez, Michelle Pique et Salom\u00e9 Vinson.\u00a0<\/p>\t\t\t\t\t\t\t\t<\/div>\n\t\t\t\t\t<\/div>\n\t\t<\/div>\n\t\t\t\t\t<\/div>\n\t\t<\/section>\n\t\t\t\t<\/div>\n\t\t","protected":false},"excerpt":{"rendered":"<p>A propos de l&rsquo;OMRA Office Montilien de la Retraite Active Cr\u00e9ation de l&rsquo;Office Montilien de la Retraite Active, le 5 avril 1994, sous le r\u00e9gime de la loi des associations 1901, sur proposition du D\u00e9put\u00e9-maire de l\u2019\u00e9poque\u00a0Thierry Cornillet\u00a0qui met en place le premier conseil d&rsquo;administration de l&rsquo;association qui sera pr\u00e9sid\u00e9 par le docteur G\u00e9rard Redon. [&hellip;]<\/p>\n","protected":false},"author":1,"featured_media":0,"parent":0,"menu_order":0,"comment_status":"closed","ping_status":"closed","template":"","meta":{"site-sidebar-layout":"no-sidebar","site-content-layout":"page-builder","ast-site-content-layout":"full-width-container","site-content-style":"unboxed","site-sidebar-style":"unboxed","ast-global-header-display":"","ast-banner-title-visibility":"","ast-main-header-display":"","ast-hfb-above-header-display":"","ast-hfb-below-header-display":"","ast-hfb-mobile-header-display":"","site-post-title":"disabled","ast-breadcrumbs-content":"","ast-featured-img":"disabled","footer-sml-layout":"","ast-disable-related-posts":"","theme-transparent-header-meta":"enabled","adv-header-id-meta":"","stick-header-meta":"","header-above-stick-meta":"","header-main-stick-meta":"","header-below-stick-meta":"","astra-migrate-meta-layouts":"set","ast-page-background-enabled":"default","ast-page-background-meta":{"desktop":{"background-color":"","background-image":"","background-repeat":"repeat","background-position":"center center","background-size":"auto","background-attachment":"scroll","background-type":"","background-media":"","overlay-type":"","overlay-color":"","overlay-opacity":"","overlay-gradient":""},"tablet":{"background-color":"","background-image":"","background-repeat":"repeat","background-position":"center center","background-size":"auto","background-attachment":"scroll","background-type":"","background-media":"","overlay-type":"","overlay-color":"","overlay-opacity":"","overlay-gradient":""},"mobile":{"background-color":"","background-image":"","background-repeat":"repeat","background-position":"center center","background-size":"auto","background-attachment":"scroll","background-type":"","background-media":"","overlay-type":"","overlay-color":"","overlay-opacity":"","overlay-gradient":""}},"ast-content-background-meta":{"desktop":{"background-color":"var(--ast-global-color-5)","background-image":"","background-repeat":"repeat","background-position":"center center","background-size":"auto","background-attachment":"scroll","background-type":"","background-media":"","overlay-type":"","overlay-color":"","overlay-opacity":"","overlay-gradient":""},"tablet":{"background-color":"var(--ast-global-color-5)","background-image":"","background-repeat":"repeat","background-position":"center center","background-size":"auto","background-attachment":"scroll","background-type":"","background-media":"","overlay-type":"","overlay-color":"","overlay-opacity":"","overlay-gradient":""},"mobile":{"background-color":"var(--ast-global-color-5)","background-image":"","background-repeat":"repeat","background-position":"center center","background-size":"auto","background-attachment":"scroll","background-type":"","background-media":"","overlay-type":"","overlay-color":"","overlay-opacity":"","overlay-gradient":""}},"footnotes":""},"class_list":["post-1154","page","type-page","status-publish","hentry"],"_links":{"self":[{"href":"https:\/\/omra-asso.fr\/index.php\/wp-json\/wp\/v2\/pages\/1154","targetHints":{"allow":["GET"]}}],"collection":[{"href":"https:\/\/omra-asso.fr\/index.php\/wp-json\/wp\/v2\/pages"}],"about":[{"href":"https:\/\/omra-asso.fr\/index.php\/wp-json\/wp\/v2\/types\/page"}],"author":[{"embeddable":true,"href":"https:\/\/omra-asso.fr\/index.php\/wp-json\/wp\/v2\/users\/1"}],"replies":[{"embeddable":true,"href":"https:\/\/omra-asso.fr\/index.php\/wp-json\/wp\/v2\/comments?post=1154"}],"version-history":[{"count":58,"href":"https:\/\/omra-asso.fr\/index.php\/wp-json\/wp\/v2\/pages\/1154\/revisions"}],"predecessor-version":[{"id":3179,"href":"https:\/\/omra-asso.fr\/index.php\/wp-json\/wp\/v2\/pages\/1154\/revisions\/3179"}],"wp:attachment":[{"href":"https:\/\/omra-asso.fr\/index.php\/wp-json\/wp\/v2\/media?parent=1154"}],"curies":[{"name":"wp","href":"https:\/\/api.w.org\/{rel}","templated":true}]}}