{"id":1305,"date":"2023-10-27T15:11:27","date_gmt":"2023-10-27T13:11:27","guid":{"rendered":"https:\/\/omra-asso.fr\/?page_id=1305"},"modified":"2023-12-18T09:05:31","modified_gmt":"2023-12-18T08:05:31","slug":"bulletin-dinformation","status":"publish","type":"page","link":"https:\/\/omra-asso.fr\/index.php\/bulletin-dinformation\/","title":{"rendered":"Bulletin d&rsquo;information"},"content":{"rendered":"\t\t<div data-elementor-type=\"wp-page\" data-elementor-id=\"1305\" class=\"elementor elementor-1305\">\n\t\t\t\t\t\t<section class=\"elementor-section elementor-top-section elementor-element elementor-element-8ce6720 elementor-section-boxed elementor-section-height-default elementor-section-height-default\" data-id=\"8ce6720\" data-element_type=\"section\" data-e-type=\"section\" data-settings=\"{&quot;background_background&quot;:&quot;classic&quot;}\">\n\t\t\t\t\t\t\t<div class=\"elementor-background-overlay\"><\/div>\n\t\t\t\t\t\t\t<div class=\"elementor-container elementor-column-gap-no\">\n\t\t\t\t\t<div class=\"elementor-column elementor-col-50 elementor-top-column elementor-element elementor-element-b341cfa\" data-id=\"b341cfa\" data-element_type=\"column\" data-e-type=\"column\">\n\t\t\t<div class=\"elementor-widget-wrap elementor-element-populated\">\n\t\t\t\t\t\t<div class=\"elementor-element elementor-element-6056509 elementor-vertical-align-top elementor-widget elementor-widget-image-box\" data-id=\"6056509\" data-element_type=\"widget\" data-e-type=\"widget\" data-widget_type=\"image-box.default\">\n\t\t\t\t\t<div class=\"elementor-image-box-wrapper\"><div class=\"elementor-image-box-content\"><h3 class=\"elementor-image-box-title\">Bulletin d'information<\/h3><\/div><\/div>\t\t\t\t<\/div>\n\t\t\t\t\t<\/div>\n\t\t<\/div>\n\t\t\t\t<div class=\"elementor-column elementor-col-50 elementor-top-column elementor-element elementor-element-354ca86\" data-id=\"354ca86\" data-element_type=\"column\" data-e-type=\"column\">\n\t\t\t<div class=\"elementor-widget-wrap elementor-element-populated\">\n\t\t\t\t\t\t<div class=\"elementor-element elementor-element-e4dd89a elementor-widget__width-initial elementor-widget elementor-widget-image\" data-id=\"e4dd89a\" data-element_type=\"widget\" data-e-type=\"widget\" data-widget_type=\"image.default\">\n\t\t\t\t\t\t\t\t\t\t\t\t\t\t\t<img fetchpriority=\"high\" decoding=\"async\" width=\"2560\" height=\"1586\" src=\"https:\/\/omra-asso.fr\/wp-content\/uploads\/2023\/12\/Photo-de-Montelimar-scaled.jpg\" class=\"attachment-full size-full wp-image-3074\" alt=\"\" srcset=\"https:\/\/omra-asso.fr\/wp-content\/uploads\/2023\/12\/Photo-de-Montelimar-scaled.jpg 2560w, https:\/\/omra-asso.fr\/wp-content\/uploads\/2023\/12\/Photo-de-Montelimar-300x186.jpg 300w, https:\/\/omra-asso.fr\/wp-content\/uploads\/2023\/12\/Photo-de-Montelimar-1024x634.jpg 1024w, https:\/\/omra-asso.fr\/wp-content\/uploads\/2023\/12\/Photo-de-Montelimar-768x476.jpg 768w, https:\/\/omra-asso.fr\/wp-content\/uploads\/2023\/12\/Photo-de-Montelimar-1536x952.jpg 1536w, https:\/\/omra-asso.fr\/wp-content\/uploads\/2023\/12\/Photo-de-Montelimar-2048x1269.jpg 2048w\" sizes=\"(max-width: 2560px) 100vw, 2560px\" \/>\t\t\t\t\t\t\t\t\t\t\t\t\t\t\t<\/div>\n\t\t\t\t\t<\/div>\n\t\t<\/div>\n\t\t\t\t\t<\/div>\n\t\t<\/section>\n\t\t<div class=\"elementor-element elementor-element-9c9e5eb e-flex e-con-boxed e-con e-parent\" data-id=\"9c9e5eb\" data-element_type=\"container\" data-e-type=\"container\">\n\t\t\t\t\t<div class=\"e-con-inner\">\n\t\t<div class=\"elementor-element elementor-element-79676db e-con-full e-flex e-con e-child\" data-id=\"79676db\" data-element_type=\"container\" data-e-type=\"container\">\n\t\t\t\t<div class=\"elementor-element elementor-element-427b854 elementor-widget elementor-widget-heading\" data-id=\"427b854\" data-element_type=\"widget\" data-e-type=\"widget\" data-widget_type=\"heading.default\">\n\t\t\t\t\t<h3 class=\"elementor-heading-title elementor-size-default\">Bulletin d\u2019informations mensuel de L\u2019OMRA Mont\u00e9limar\n<\/h3>\t\t\t\t<\/div>\n\t\t\t\t<\/div>\n\t\t\t\t\t<\/div>\n\t\t\t\t<\/div>\n\t\t<div class=\"elementor-element elementor-element-3f04051 e-flex e-con-boxed e-con e-parent\" data-id=\"3f04051\" data-element_type=\"container\" data-e-type=\"container\">\n\t\t\t\t\t<div class=\"e-con-inner\">\n\t\t<div class=\"elementor-element elementor-element-0f42d59 e-con-full e-flex e-con e-child\" data-id=\"0f42d59\" data-element_type=\"container\" data-e-type=\"container\">\n\t\t\t\t<div class=\"elementor-element elementor-element-03a63a9 elementor-widget elementor-widget-image\" data-id=\"03a63a9\" data-element_type=\"widget\" data-e-type=\"widget\" data-widget_type=\"image.default\">\n\t\t\t\t\t\t\t\t\t\t\t\t\t\t\t<img decoding=\"async\" width=\"152\" height=\"150\" src=\"https:\/\/omra-asso.fr\/wp-content\/uploads\/2023\/10\/image-1.png\" class=\"attachment-large size-large wp-image-1308\" alt=\"\" \/>\t\t\t\t\t\t\t\t\t\t\t\t\t\t\t<\/div>\n\t\t\t\t<div class=\"elementor-element elementor-element-2b18872 elementor-widget elementor-widget-heading\" data-id=\"2b18872\" data-element_type=\"widget\" data-e-type=\"widget\" data-widget_type=\"heading.default\">\n\t\t\t\t\t<h6 class=\"elementor-heading-title elementor-size-default\">Le mot du Maire\n\n<\/h6>\t\t\t\t<\/div>\n\t\t\t\t<\/div>\n\t\t<div class=\"elementor-element elementor-element-619162a e-con-full e-flex e-con e-child\" data-id=\"619162a\" data-element_type=\"container\" data-e-type=\"container\">\n\t\t\t\t<div class=\"elementor-element elementor-element-5e759a3 elementor-widget elementor-widget-heading\" data-id=\"5e759a3\" data-element_type=\"widget\" data-e-type=\"widget\" data-widget_type=\"heading.default\">\n\t\t\t\t\t<h5 class=\"elementor-heading-title elementor-size-default\">Monsieur le Maire, vous avez un petit message pour nos Adh\u00e9rents ?\n\n<\/h5>\t\t\t\t<\/div>\n\t\t\t\t<div class=\"elementor-element elementor-element-73abc03 elementor-widget elementor-widget-text-editor\" data-id=\"73abc03\" data-element_type=\"widget\" data-e-type=\"widget\" data-widget_type=\"text-editor.default\">\n\t\t\t\t\t\t\t\t\t<p>Il fallait de solides fondations pour franchir les p\u00e9rip\u00e9ties de ces derniers mois. L\u2019Office Montilien de la Retraite Active, cr\u00e9\u00e9 en 1994, a su montrer sa d\u00e9termination et sa t\u00e9nacit\u00e9 pour faire face.<br \/>Une nouvelle fois, face aux vents contraires (cette fois sanitaires), il a relev\u00e9 le d\u00e9fi. Constamment, m\u00eame \u00e0 distance, il a su garder le lien avec ses adh\u00e9rents, qui n\u2019en seront que plus reconnaissants : ils pourront retrouver, en feuilletant les pages qui suivent, un dense programme qui a manqu\u00e9 \u00e0 tous les Montiliens, car l\u2019OMRA traverse tous les champs de la sph\u00e8re publique, irrigue de multiples domaines.<br \/>Bien s\u00fbr, il y a les sorties, les excursions, les balades dans la France enti\u00e8re, etc.<br \/>L\u2019association va plus loin, coordonne maintes initiatives autour des seniors, informe, promeut. Elle peut se targuer d\u2019organiser de nombreux ateliers sant\u00e9 (d\u00e9pistage du cancer du sein, d\u00e9couverte des huiles essentielles\u2026), tr\u00e8s suivis, en lien avec notre adjoint \u00e0 la sant\u00e9, le Docteur Cherif Heroum.<\/p><p><span style=\"font-style: inherit; font-weight: inherit; background-color: var(--ast-global-color-4); color: var(--ast-global-color-3);\">Cette association, passerelle entre tant de plans de la vie Montilienne m\u00e9ritait de revenir au premier plan.<\/span><\/p><p><strong>Je suis fier que ce soit \u00e0 nouveau le cas.<\/strong><\/p>\t\t\t\t\t\t\t\t<\/div>\n\t\t\t\t<div class=\"elementor-element elementor-element-3fb88c9 elementor-widget-divider--view-line elementor-widget elementor-widget-divider\" data-id=\"3fb88c9\" data-element_type=\"widget\" data-e-type=\"widget\" data-widget_type=\"divider.default\">\n\t\t\t\t\t\t\t<div class=\"elementor-divider\">\n\t\t\t<span class=\"elementor-divider-separator\">\n\t\t\t\t\t\t<\/span>\n\t\t<\/div>\n\t\t\t\t\t\t<\/div>\n\t\t\t\t<\/div>\n\t\t\t\t\t<\/div>\n\t\t\t\t<\/div>\n\t\t<div class=\"elementor-element elementor-element-b889b43 e-flex e-con-boxed e-con e-parent\" data-id=\"b889b43\" data-element_type=\"container\" data-e-type=\"container\">\n\t\t\t\t\t<div class=\"e-con-inner\">\n\t\t<div class=\"elementor-element elementor-element-294171c e-flex e-con-boxed e-con e-child\" data-id=\"294171c\" data-element_type=\"container\" data-e-type=\"container\">\n\t\t\t\t\t<div class=\"e-con-inner\">\n\t\t<div class=\"elementor-element elementor-element-d2a5841 e-con-full e-flex e-con e-child\" data-id=\"d2a5841\" data-element_type=\"container\" data-e-type=\"container\">\n\t\t\t\t<div class=\"elementor-element elementor-element-4642f4c elementor-widget elementor-widget-heading\" data-id=\"4642f4c\" data-element_type=\"widget\" data-e-type=\"widget\" data-widget_type=\"heading.default\">\n\t\t\t\t\t<h5 class=\"elementor-heading-title elementor-size-default\"> Et vous Pr\u00e9sidente, un petit message pour nos fid\u00e8les Adh\u00e9rents ?\n\n<\/h5>\t\t\t\t<\/div>\n\t\t\t\t<div class=\"elementor-element elementor-element-15ae8d0 elementor-widget elementor-widget-text-editor\" data-id=\"15ae8d0\" data-element_type=\"widget\" data-e-type=\"widget\" data-widget_type=\"text-editor.default\">\n\t\t\t\t\t\t\t\t\t<p>\u00ab\u00a0Depuis sa cr\u00e9ation, l\u2019OMRA qui regroupe environ 3 200 adh\u00e9rents a pour but :<\/p><ul><li>De repr\u00e9senter efficacement les retrait\u00e9s de la ville de Mont\u00e9limar sans faire concurrence aux associations pr\u00e9existantes dont elle f\u00e9d\u00e8re un certain nombre et qui contribuent par leurs actions propres \u00e0 l&rsquo;animation de notre ville.<\/li><li>De permettre une retraite plus dynamique et plus sereine en organisant des \u00e9v\u00e8nements tout au long de l\u2019ann\u00e9e gr\u00e2ce au travail d\u2019une \u00e9quipe de b\u00e9n\u00e9voles.<\/li><li>De d\u00e9velopper la solidarit\u00e9 entre les adh\u00e9rents en possession de la carte \u00ab OMRA Prestige \u00bb et les commer\u00e7ants partenaires qui font des r\u00e9ductions. Nous avons donc le plaisir de vous pr\u00e9senter, sous une nouvelle formule, la liste des commer\u00e7ants que vous pouvez \u00e9galement retrouver sur notre site : omra-asso.fr<\/li><\/ul><p style=\"padding-left: 40px;\">Je souhaite que cette nouvelle saison nous permette, apr\u00e8s cette pand\u00e9mie, de nous retrouver \u00e0 la rentr\u00e9e pour partager tous ensemble d\u2019agr\u00e9ables moments.<\/p><p style=\"padding-left: 40px;\">La Pr\u00e9sidente<br \/>Marie France Cornillet<\/p>\t\t\t\t\t\t\t\t<\/div>\n\t\t\t\t<div class=\"elementor-element elementor-element-c864e53 elementor-widget-divider--view-line elementor-widget elementor-widget-divider\" data-id=\"c864e53\" data-element_type=\"widget\" data-e-type=\"widget\" data-widget_type=\"divider.default\">\n\t\t\t\t\t\t\t<div class=\"elementor-divider\">\n\t\t\t<span class=\"elementor-divider-separator\">\n\t\t\t\t\t\t<\/span>\n\t\t<\/div>\n\t\t\t\t\t\t<\/div>\n\t\t\t\t<\/div>\n\t\t<div class=\"elementor-element elementor-element-8d3a664 e-con-full e-flex e-con e-child\" data-id=\"8d3a664\" data-element_type=\"container\" data-e-type=\"container\">\n\t\t\t\t<div class=\"elementor-element elementor-element-2a288f1 elementor-widget elementor-widget-image\" data-id=\"2a288f1\" data-element_type=\"widget\" data-e-type=\"widget\" data-widget_type=\"image.default\">\n\t\t\t\t\t\t\t\t\t\t\t\t\t\t\t<img decoding=\"async\" width=\"120\" height=\"151\" src=\"https:\/\/omra-asso.fr\/wp-content\/uploads\/2023\/10\/image-2.jpg\" class=\"attachment-large size-large wp-image-1316\" alt=\"\" \/>\t\t\t\t\t\t\t\t\t\t\t\t\t\t\t<\/div>\n\t\t\t\t<div class=\"elementor-element elementor-element-f639bca elementor-widget elementor-widget-heading\" data-id=\"f639bca\" data-element_type=\"widget\" data-e-type=\"widget\" data-widget_type=\"heading.default\">\n\t\t\t\t\t<h6 class=\"elementor-heading-title elementor-size-default\">Le mot de la Pr\u00e9sidente\n<\/h6>\t\t\t\t<\/div>\n\t\t\t\t<\/div>\n\t\t\t\t\t<\/div>\n\t\t\t\t<\/div>\n\t\t\t\t\t<\/div>\n\t\t\t\t<\/div>\n\t\t<div class=\"elementor-element elementor-element-4862719 e-flex e-con-boxed e-con e-parent\" data-id=\"4862719\" data-element_type=\"container\" data-e-type=\"container\">\n\t\t\t\t\t<div class=\"e-con-inner\">\n\t\t\t\t<div class=\"elementor-element elementor-element-82f4906 elementor-widget elementor-widget-heading\" data-id=\"82f4906\" data-element_type=\"widget\" data-e-type=\"widget\" data-widget_type=\"heading.default\">\n\t\t\t\t\t<h5 class=\"elementor-heading-title elementor-size-default\">L'OMRA est compos\u00e9e actuellement d'un Bureau, d'un Conseil d'Administration,<br>de membre coopt\u00e9s et de tr\u00e8s nombreux b\u00e9n\u00e9voles que nous remercions.\n\n<\/h5>\t\t\t\t<\/div>\n\t\t\t\t\t<\/div>\n\t\t\t\t<\/div>\n\t\t\t\t<\/div>\n\t\t","protected":false},"excerpt":{"rendered":"<p>Bulletin d&rsquo;information Bulletin d\u2019informations mensuel de L\u2019OMRA Mont\u00e9limar Le mot du Maire Monsieur le Maire, vous avez un petit message pour nos Adh\u00e9rents ? Il fallait de solides fondations pour franchir les p\u00e9rip\u00e9ties de ces derniers mois. L\u2019Office Montilien de la Retraite Active, cr\u00e9\u00e9 en 1994, a su montrer sa d\u00e9termination et sa t\u00e9nacit\u00e9 pour [&hellip;]<\/p>\n","protected":false},"author":1,"featured_media":0,"parent":0,"menu_order":0,"comment_status":"closed","ping_status":"closed","template":"","meta":{"site-sidebar-layout":"no-sidebar","site-content-layout":"page-builder","ast-site-content-layout":"full-width-container","site-content-style":"unboxed","site-sidebar-style":"unboxed","ast-global-header-display":"","ast-banner-title-visibility":"","ast-main-header-display":"","ast-hfb-above-header-display":"","ast-hfb-below-header-display":"","ast-hfb-mobile-header-display":"","site-post-title":"disabled","ast-breadcrumbs-content":"","ast-featured-img":"disabled","footer-sml-layout":"","ast-disable-related-posts":"","theme-transparent-header-meta":"enabled","adv-header-id-meta":"","stick-header-meta":"","header-above-stick-meta":"","header-main-stick-meta":"","header-below-stick-meta":"","astra-migrate-meta-layouts":"set","ast-page-background-enabled":"default","ast-page-background-meta":{"desktop":{"background-color":"","background-image":"","background-repeat":"repeat","background-position":"center center","background-size":"auto","background-attachment":"scroll","background-type":"","background-media":"","overlay-type":"","overlay-color":"","overlay-opacity":"","overlay-gradient":""},"tablet":{"background-color":"","background-image":"","background-repeat":"repeat","background-position":"center center","background-size":"auto","background-attachment":"scroll","background-type":"","background-media":"","overlay-type":"","overlay-color":"","overlay-opacity":"","overlay-gradient":""},"mobile":{"background-color":"","background-image":"","background-repeat":"repeat","background-position":"center center","background-size":"auto","background-attachment":"scroll","background-type":"","background-media":"","overlay-type":"","overlay-color":"","overlay-opacity":"","overlay-gradient":""}},"ast-content-background-meta":{"desktop":{"background-color":"var(--ast-global-color-5)","background-image":"","background-repeat":"repeat","background-position":"center center","background-size":"auto","background-attachment":"scroll","background-type":"","background-media":"","overlay-type":"","overlay-color":"","overlay-opacity":"","overlay-gradient":""},"tablet":{"background-color":"var(--ast-global-color-5)","background-image":"","background-repeat":"repeat","background-position":"center center","background-size":"auto","background-attachment":"scroll","background-type":"","background-media":"","overlay-type":"","overlay-color":"","overlay-opacity":"","overlay-gradient":""},"mobile":{"background-color":"var(--ast-global-color-5)","background-image":"","background-repeat":"repeat","background-position":"center center","background-size":"auto","background-attachment":"scroll","background-type":"","background-media":"","overlay-type":"","overlay-color":"","overlay-opacity":"","overlay-gradient":""}},"footnotes":""},"class_list":["post-1305","page","type-page","status-publish","hentry"],"_links":{"self":[{"href":"https:\/\/omra-asso.fr\/index.php\/wp-json\/wp\/v2\/pages\/1305","targetHints":{"allow":["GET"]}}],"collection":[{"href":"https:\/\/omra-asso.fr\/index.php\/wp-json\/wp\/v2\/pages"}],"about":[{"href":"https:\/\/omra-asso.fr\/index.php\/wp-json\/wp\/v2\/types\/page"}],"author":[{"embeddable":true,"href":"https:\/\/omra-asso.fr\/index.php\/wp-json\/wp\/v2\/users\/1"}],"replies":[{"embeddable":true,"href":"https:\/\/omra-asso.fr\/index.php\/wp-json\/wp\/v2\/comments?post=1305"}],"version-history":[{"count":40,"href":"https:\/\/omra-asso.fr\/index.php\/wp-json\/wp\/v2\/pages\/1305\/revisions"}],"predecessor-version":[{"id":3083,"href":"https:\/\/omra-asso.fr\/index.php\/wp-json\/wp\/v2\/pages\/1305\/revisions\/3083"}],"wp:attachment":[{"href":"https:\/\/omra-asso.fr\/index.php\/wp-json\/wp\/v2\/media?parent=1305"}],"curies":[{"name":"wp","href":"https:\/\/api.w.org\/{rel}","templated":true}]}}