{"id":497,"date":"2021-04-28T11:05:52","date_gmt":"2021-04-28T11:05:52","guid":{"rendered":"https:\/\/omra-asso.fr\/index.php\/home\/"},"modified":"2026-05-09T21:18:28","modified_gmt":"2026-05-09T19:18:28","slug":"home","status":"publish","type":"page","link":"https:\/\/omra-asso.fr\/","title":{"rendered":"Home"},"content":{"rendered":"\t\t<div data-elementor-type=\"wp-page\" data-elementor-id=\"497\" class=\"elementor elementor-497\">\n\t\t\t\t\t\t<section class=\"elementor-section elementor-top-section elementor-element elementor-element-8ce6720 elementor-section-boxed elementor-section-height-default elementor-section-height-default\" data-id=\"8ce6720\" data-element_type=\"section\" data-e-type=\"section\" data-settings=\"{&quot;background_background&quot;:&quot;classic&quot;}\">\n\t\t\t\t\t\t\t<div class=\"elementor-background-overlay\"><\/div>\n\t\t\t\t\t\t\t<div class=\"elementor-container elementor-column-gap-no\">\n\t\t\t\t\t<div class=\"elementor-column elementor-col-50 elementor-top-column elementor-element elementor-element-b341cfa\" data-id=\"b341cfa\" data-element_type=\"column\" data-e-type=\"column\">\n\t\t\t<div class=\"elementor-widget-wrap elementor-element-populated\">\n\t\t\t\t\t\t<div class=\"elementor-element elementor-element-6056509 elementor-vertical-align-top elementor-widget elementor-widget-image-box\" data-id=\"6056509\" data-element_type=\"widget\" data-e-type=\"widget\" data-widget_type=\"image-box.default\">\n\t\t\t\t\t<div class=\"elementor-image-box-wrapper\"><div class=\"elementor-image-box-content\"><h1 class=\"elementor-image-box-title\">Office Montilien de la Retraite Active<\/h1><p class=\"elementor-image-box-description\">Cr\u00e9ation de l'Office Montilien de la Retraite Active, le 5 avril 1994, sous le r\u00e9gime de la loi des associations 1901, sur proposition du D\u00e9put\u00e9-maire de l\u2019\u00e9poque Thierry Cornillet qui met en place le premier conseil d'administration de l'association qui sera pr\u00e9sid\u00e9 par le docteur G\u00e9rard Redon.<br><\/p><\/div><\/div>\t\t\t\t<\/div>\n\t\t\t\t\t<\/div>\n\t\t<\/div>\n\t\t\t\t<div class=\"elementor-column elementor-col-50 elementor-top-column elementor-element elementor-element-51fbe3e\" data-id=\"51fbe3e\" data-element_type=\"column\" data-e-type=\"column\">\n\t\t\t<div class=\"elementor-widget-wrap elementor-element-populated\">\n\t\t\t\t<div class=\"elementor-element elementor-element-cd6d907 e-flex e-con-boxed e-con e-parent\" data-id=\"cd6d907\" data-element_type=\"container\" data-e-type=\"container\">\n\t\t\t\t\t<div class=\"e-con-inner\">\n\t\t\t\t<div class=\"elementor-element elementor-element-9f52fe0 elementor-widget elementor-widget-image\" data-id=\"9f52fe0\" data-element_type=\"widget\" data-e-type=\"widget\" data-widget_type=\"image.default\">\n\t\t\t\t\t\t\t\t\t\t\t\t\t\t\t<img fetchpriority=\"high\" decoding=\"async\" width=\"2560\" height=\"1586\" src=\"https:\/\/omra-asso.fr\/wp-content\/uploads\/2023\/11\/Montelimar-scaled.jpg\" class=\"attachment-full size-full wp-image-1702\" alt=\"\" srcset=\"https:\/\/omra-asso.fr\/wp-content\/uploads\/2023\/11\/Montelimar-scaled.jpg 2560w, https:\/\/omra-asso.fr\/wp-content\/uploads\/2023\/11\/Montelimar-300x186.jpg 300w, https:\/\/omra-asso.fr\/wp-content\/uploads\/2023\/11\/Montelimar-1024x634.jpg 1024w, https:\/\/omra-asso.fr\/wp-content\/uploads\/2023\/11\/Montelimar-768x476.jpg 768w, https:\/\/omra-asso.fr\/wp-content\/uploads\/2023\/11\/Montelimar-1536x952.jpg 1536w, https:\/\/omra-asso.fr\/wp-content\/uploads\/2023\/11\/Montelimar-2048x1269.jpg 2048w\" sizes=\"(max-width: 2560px) 100vw, 2560px\" \/>\t\t\t\t\t\t\t\t\t\t\t\t\t\t\t<\/div>\n\t\t\t\t\t<\/div>\n\t\t\t\t<\/div>\n\t\t\t\t\t<\/div>\n\t\t<\/div>\n\t\t\t\t\t<\/div>\n\t\t<\/section>\n\t\t<div class=\"elementor-element elementor-element-58a90c3 e-flex e-con-boxed e-con e-parent\" data-id=\"58a90c3\" data-element_type=\"container\" data-e-type=\"container\">\n\t\t\t\t\t<div class=\"e-con-inner\">\n\t\t\t\t<div class=\"elementor-element elementor-element-5b816e1 elementor-widget-divider--view-line elementor-widget elementor-widget-divider\" data-id=\"5b816e1\" data-element_type=\"widget\" data-e-type=\"widget\" data-widget_type=\"divider.default\">\n\t\t\t\t\t\t\t<div class=\"elementor-divider\">\n\t\t\t<span class=\"elementor-divider-separator\">\n\t\t\t\t\t\t<\/span>\n\t\t<\/div>\n\t\t\t\t\t\t<\/div>\n\t\t\t\t<div class=\"elementor-element elementor-element-ba7c692 elementor-widget__width-initial elementor-widget elementor-widget-image\" data-id=\"ba7c692\" data-element_type=\"widget\" data-e-type=\"widget\" data-widget_type=\"image.default\">\n\t\t\t\t\t\t\t\t\t\t\t\t\t\t\t<img decoding=\"async\" src=\"https:\/\/omra-asso.fr\/wp-content\/uploads\/elementor\/thumbs\/the\u0301-dansant-mai-2026-rmcb97dhxamw3zq9wv9a1szhxqge4mr57gdiozpa1s.png\" title=\"the\u0301 dansant-mai 2026\" alt=\"the\u0301 dansant-mai 2026\" loading=\"lazy\" \/>\t\t\t\t\t\t\t\t\t\t\t\t\t\t\t<\/div>\n\t\t\t\t<div class=\"elementor-element elementor-element-1824766 elementor-widget__width-initial elementor-widget elementor-widget-image\" data-id=\"1824766\" data-element_type=\"widget\" data-e-type=\"widget\" data-widget_type=\"image.default\">\n\t\t\t\t\t\t\t\t\t\t\t\t\t\t\t<img decoding=\"async\" src=\"https:\/\/omra-asso.fr\/wp-content\/uploads\/2026\/01\/PHOTO-2026-01-10-17-02-23.jpg\" title=\"\" alt=\"\" loading=\"lazy\" \/>\t\t\t\t\t\t\t\t\t\t\t\t\t\t\t<\/div>\n\t\t\t\t<div class=\"elementor-element elementor-element-22e05ab elementor-widget elementor-widget-text-editor\" data-id=\"22e05ab\" data-element_type=\"widget\" data-e-type=\"widget\" data-widget_type=\"text-editor.default\">\n\t\t\t\t\t\t\t\t\t<h4 class=\"ox-6c75eaeac9-elementToProof\">Pour y participer, vous avez deux options :<br \/><b style=\"font-style: inherit;\"><\/b><\/h4><h4 class=\"ox-6c75eaeac9-elementToProof\"><b style=\"font-style: inherit;\">En pr\u00e9sentiel : <\/b><b style=\"font-style: inherit;\">Maison Espoulette (29 av. d&rsquo;Espoulette)<\/b><\/h4><h4 class=\"ox-6c75eaeac9-elementToProof\"><b style=\"font-style: inherit;\">En ligne :\u00a0<\/b><a id=\"ox-6c75eaeac9-OWA87d47f4f-c5ba-128c-be45-6ab1bc33061c\" class=\"ox-6c75eaeac9-OWAAutoLink\" style=\"font-style: inherit; font-weight: inherit; background-color: #f3f7ff;\" tabindex=\"9999\" href=\"https:\/\/www.billetweb.fr\/apres-midi-dansant7\" target=\"_blank\" rel=\"noopener\">https:\/\/www.billetweb.fr\/apres-midi-dansant7<\/a><\/h4>\t\t\t\t\t\t\t\t<\/div>\n\t\t\t\t<div class=\"elementor-element elementor-element-172d8a4 elementor-widget-divider--view-line elementor-widget elementor-widget-divider\" data-id=\"172d8a4\" data-element_type=\"widget\" data-e-type=\"widget\" data-widget_type=\"divider.default\">\n\t\t\t\t\t\t\t<div class=\"elementor-divider\">\n\t\t\t<span class=\"elementor-divider-separator\">\n\t\t\t\t\t\t<\/span>\n\t\t<\/div>\n\t\t\t\t\t\t<\/div>\n\t\t\t\t<div class=\"elementor-element elementor-element-3ebcd98 elementor-widget elementor-widget-text-editor\" data-id=\"3ebcd98\" data-element_type=\"widget\" data-e-type=\"widget\" data-widget_type=\"text-editor.default\">\n\t\t\t\t\t\t\t\t\t<h4>\u00a0<\/h4><h4>Durant le mois de mai l<span style=\"font-size: 1.17647rem; font-style: inherit;\">e bureau de l\u2019OMRA sera ferm\u00e9 :<\/span><\/h4><h4><span style=\"font-size: 1.17647rem; font-style: inherit;\">le jeudi 14 mai en raison du week-end de l&rsquo;Ascension\u00a0<\/span><\/h4><h4><span style=\"font-size: 1.17647rem; font-style: inherit;\">et le lundi 25 mai en raison du week-end de Pentec\u00f4te\u00a0<\/span><\/h4><h4><span style=\"font-size: 1.17647rem; font-style: inherit;\">\u00a0<\/span><\/h4>\t\t\t\t\t\t\t\t<\/div>\n\t\t\t\t<div class=\"elementor-element elementor-element-6065ae6 elementor-widget-divider--view-line elementor-widget elementor-widget-divider\" data-id=\"6065ae6\" data-element_type=\"widget\" data-e-type=\"widget\" data-widget_type=\"divider.default\">\n\t\t\t\t\t\t\t<div class=\"elementor-divider\">\n\t\t\t<span class=\"elementor-divider-separator\">\n\t\t\t\t\t\t<\/span>\n\t\t<\/div>\n\t\t\t\t\t\t<\/div>\n\t\t\t\t<div class=\"elementor-element elementor-element-715aab6 elementor-widget__width-initial elementor-widget elementor-widget-image\" data-id=\"715aab6\" data-element_type=\"widget\" data-e-type=\"widget\" data-widget_type=\"image.default\">\n\t\t\t\t\t\t\t\t\t\t\t\t\t\t\t<img decoding=\"async\" src=\"https:\/\/omra-asso.fr\/wp-content\/uploads\/elementor\/thumbs\/tract-1-rmfsg3z3008zr974r03vei47rkhp32uu6kdsn59nvk.jpg\" title=\"tract\" alt=\"tract\" loading=\"lazy\" \/>\t\t\t\t\t\t\t\t\t\t\t\t\t\t\t<\/div>\n\t\t\t\t<div class=\"elementor-element elementor-element-414dbd7 elementor-widget elementor-widget-text-editor\" data-id=\"414dbd7\" data-element_type=\"widget\" data-e-type=\"widget\" data-widget_type=\"text-editor.default\">\n\t\t\t\t\t\t\t\t\t<h4>\u00a0<\/h4><h4>Le festival Trac N&rsquo;art l\u00e8ve le rideau sur sa 12e \u00e9dition<\/h4><h4>Espace culturel des Carmes<\/h4><h4>\u00a0du 5 au 28 juin 2026<\/h4>\t\t\t\t\t\t\t\t<\/div>\n\t\t\t\t<div class=\"elementor-element elementor-element-cf55bba elementor-align-center elementor-widget elementor-widget-button\" data-id=\"cf55bba\" data-element_type=\"widget\" data-e-type=\"widget\" data-widget_type=\"button.default\">\n\t\t\t\t\t\t\t\t\t\t<a class=\"elementor-button elementor-button-link elementor-size-sm\" href=\"https:\/\/www.tracnart-theatre.com#\">\n\t\t\t\t\t\t<span class=\"elementor-button-content-wrapper\">\n\t\t\t\t\t\t\t\t\t<span class=\"elementor-button-text\">Programme  Cliquez ici<\/span>\n\t\t\t\t\t<\/span>\n\t\t\t\t\t<\/a>\n\t\t\t\t\t\t\t\t<\/div>\n\t\t\t\t<div class=\"elementor-element elementor-element-3cfe6a8 elementor-widget-divider--view-line elementor-widget elementor-widget-divider\" data-id=\"3cfe6a8\" data-element_type=\"widget\" data-e-type=\"widget\" data-widget_type=\"divider.default\">\n\t\t\t\t\t\t\t<div class=\"elementor-divider\">\n\t\t\t<span class=\"elementor-divider-separator\">\n\t\t\t\t\t\t<\/span>\n\t\t<\/div>\n\t\t\t\t\t\t<\/div>\n\t\t\t\t\t<\/div>\n\t\t\t\t<\/div>\n\t\t<div class=\"elementor-element elementor-element-5aeaa00 e-flex e-con-boxed e-con e-parent\" data-id=\"5aeaa00\" data-element_type=\"container\" data-e-type=\"container\">\n\t\t\t\t\t<div class=\"e-con-inner\">\n\t\t\t\t<div class=\"elementor-element elementor-element-8c729b7 elementor-widget elementor-widget-text-editor\" data-id=\"8c729b7\" data-element_type=\"widget\" data-e-type=\"widget\" data-widget_type=\"text-editor.default\">\n\t\t\t\t\t\t\t\t\t<h4 style=\"text-align: center;\">Vous pouvez d\u00e9couvrir des photos de nos activit\u00e9s :<\/h4><h4 style=\"text-align: center;\">AG, r\u00e9veillon chinois, la Ferme marine \u00e0 Marseillan<\/h4><h4 style=\"text-align: center;\">et le moment Bowling \u00e0 Mont\u00e9limar<\/h4><h4 style=\"text-align: center;\">dans la rubrique :<span style=\"color: var(--ast-global-color-2); font-size: 1.17647rem; font-style: inherit; background-color: var(--ast-global-color-4);\">\u00a0Accueil, onglet : album photos<\/span><\/h4>\t\t\t\t\t\t\t\t<\/div>\n\t\t\t\t<div class=\"elementor-element elementor-element-2acd215 elementor-widget-divider--view-line elementor-widget elementor-widget-divider\" data-id=\"2acd215\" data-element_type=\"widget\" data-e-type=\"widget\" data-widget_type=\"divider.default\">\n\t\t\t\t\t\t\t<div class=\"elementor-divider\">\n\t\t\t<span class=\"elementor-divider-separator\">\n\t\t\t\t\t\t<\/span>\n\t\t<\/div>\n\t\t\t\t\t\t<\/div>\n\t\t\t\t<div class=\"elementor-element elementor-element-2a49033 elementor-widget elementor-widget-text-editor\" data-id=\"2a49033\" data-element_type=\"widget\" data-e-type=\"widget\" data-widget_type=\"text-editor.default\">\n\t\t\t\t\t\t\t\t\t<p>Cette page\u00a0 est mise \u00e0 jour par Marie-France Cornillet<\/p>\t\t\t\t\t\t\t\t<\/div>\n\t\t\t\t\t<\/div>\n\t\t\t\t<\/div>\n\t\t\t\t<section class=\"elementor-section elementor-top-section elementor-element elementor-element-e2b56a6 elementor-section-content-middle elementor-section-boxed elementor-section-height-default elementor-section-height-default\" data-id=\"e2b56a6\" data-element_type=\"section\" data-e-type=\"section\" data-settings=\"{&quot;background_background&quot;:&quot;classic&quot;}\">\n\t\t\t\t\t\t\t<div class=\"elementor-background-overlay\"><\/div>\n\t\t\t\t\t\t\t<div class=\"elementor-container elementor-column-gap-no\">\n\t\t\t\t\t<div class=\"elementor-column elementor-col-100 elementor-top-column elementor-element elementor-element-4ab41ff\" data-id=\"4ab41ff\" data-element_type=\"column\" data-e-type=\"column\" data-settings=\"{&quot;background_background&quot;:&quot;classic&quot;}\">\n\t\t\t<div class=\"elementor-widget-wrap elementor-element-populated\">\n\t\t\t\t\t<div class=\"elementor-background-overlay\"><\/div>\n\t\t\t\t\t\t<div class=\"elementor-element elementor-element-0f1b7f3 elementor-widget elementor-widget-heading\" data-id=\"0f1b7f3\" data-element_type=\"widget\" data-e-type=\"widget\" data-widget_type=\"heading.default\">\n\t\t\t\t\t<h2 class=\"elementor-heading-title elementor-size-default\">Les permanences<\/h2>\t\t\t\t<\/div>\n\t\t\t\t<div class=\"elementor-element elementor-element-aad3cd1 elementor-widget elementor-widget-text-editor\" data-id=\"aad3cd1\" data-element_type=\"widget\" data-e-type=\"widget\" data-widget_type=\"text-editor.default\">\n\t\t\t\t\t\t\t\t\t<p>Du lundi au jeudi de 9h30 \u00e0 11h30<\/p>\t\t\t\t\t\t\t\t<\/div>\n\t\t\t\t<div class=\"elementor-element elementor-element-cd20843 elementor-widget elementor-widget-button\" data-id=\"cd20843\" data-element_type=\"widget\" data-e-type=\"widget\" data-widget_type=\"button.default\">\n\t\t\t\t\t\t\t\t\t\t<a class=\"elementor-button elementor-button-link elementor-size-sm\" href=\"tel:0475002524\">\n\t\t\t\t\t\t<span class=\"elementor-button-content-wrapper\">\n\t\t\t\t\t\t<span class=\"elementor-button-icon\">\n\t\t\t\t<svg aria-hidden=\"true\" class=\"e-font-icon-svg e-fas-phone\" viewBox=\"0 0 512 512\" xmlns=\"http:\/\/www.w3.org\/2000\/svg\"><path d=\"M493.4 24.6l-104-24c-11.3-2.6-22.9 3.3-27.5 13.9l-48 112c-4.2 9.8-1.4 21.3 6.9 28l60.6 49.6c-36 76.7-98.9 140.5-177.2 177.2l-49.6-60.6c-6.8-8.3-18.2-11.1-28-6.9l-112 48C3.9 366.5-2 378.1.6 389.4l24 104C27.1 504.2 36.7 512 48 512c256.1 0 464-207.5 464-464 0-11.2-7.7-20.9-18.6-23.4z\"><\/path><\/svg>\t\t\t<\/span>\n\t\t\t\t\t\t\t\t\t<span class=\"elementor-button-text\">04 75 00 25 24<\/span>\n\t\t\t\t\t<\/span>\n\t\t\t\t\t<\/a>\n\t\t\t\t\t\t\t\t<\/div>\n\t\t\t\t\t<\/div>\n\t\t<\/div>\n\t\t\t\t\t<\/div>\n\t\t<\/section>\n\t\t<div class=\"elementor-element elementor-element-153976e e-flex e-con-boxed e-con e-parent\" data-id=\"153976e\" data-element_type=\"container\" data-e-type=\"container\">\n\t\t\t\t\t<div class=\"e-con-inner\">\n\t\t\t\t\t<\/div>\n\t\t\t\t<\/div>\n\t\t<div class=\"elementor-element elementor-element-b0d4d4c e-flex e-con-boxed e-con e-parent\" data-id=\"b0d4d4c\" data-element_type=\"container\" data-e-type=\"container\">\n\t\t\t\t\t<div class=\"e-con-inner\">\n\t\t\t\t<div class=\"elementor-element elementor-element-8931102 elementor-widget__width-initial elementor-widget elementor-widget-image\" data-id=\"8931102\" data-element_type=\"widget\" data-e-type=\"widget\" data-widget_type=\"image.default\">\n\t\t\t\t\t\t\t\t\t\t\t\t\t\t\t<img decoding=\"async\" src=\"https:\/\/omra-asso.fr\/wp-content\/uploads\/2023\/11\/FB_IMG_1700847777019.jpg\" title=\"\" alt=\"\" loading=\"lazy\" \/>\t\t\t\t\t\t\t\t\t\t\t\t\t\t\t<\/div>\n\t\t\t\t\t<\/div>\n\t\t\t\t<\/div>\n\t\t\t\t<\/div>\n\t\t","protected":false},"excerpt":{"rendered":"<p>Office Montilien de la Retraite Active Cr\u00e9ation de l&rsquo;Office Montilien de la Retraite Active, le 5 avril 1994, sous le r\u00e9gime de la loi des associations 1901, sur proposition du D\u00e9put\u00e9-maire de l\u2019\u00e9poque Thierry Cornillet qui met en place le premier conseil d&rsquo;administration de l&rsquo;association qui sera pr\u00e9sid\u00e9 par le docteur G\u00e9rard Redon. Pour y [&hellip;]<\/p>\n","protected":false},"author":1,"featured_media":0,"parent":0,"menu_order":0,"comment_status":"closed","ping_status":"closed","template":"","meta":{"site-sidebar-layout":"no-sidebar","site-content-layout":"page-builder","ast-site-content-layout":"full-width-container","site-content-style":"unboxed","site-sidebar-style":"unboxed","ast-global-header-display":"","ast-banner-title-visibility":"","ast-main-header-display":"","ast-hfb-above-header-display":"","ast-hfb-below-header-display":"","ast-hfb-mobile-header-display":"","site-post-title":"disabled","ast-breadcrumbs-content":"","ast-featured-img":"disabled","footer-sml-layout":"","ast-disable-related-posts":"","theme-transparent-header-meta":"enabled","adv-header-id-meta":"","stick-header-meta":"","header-above-stick-meta":"","header-main-stick-meta":"","header-below-stick-meta":"","astra-migrate-meta-layouts":"set","ast-page-background-enabled":"default","ast-page-background-meta":{"desktop":{"background-color":"","background-image":"","background-repeat":"repeat","background-position":"center center","background-size":"auto","background-attachment":"scroll","background-type":"","background-media":"","overlay-type":"","overlay-color":"","overlay-opacity":"","overlay-gradient":""},"tablet":{"background-color":"","background-image":"","background-repeat":"repeat","background-position":"center center","background-size":"auto","background-attachment":"scroll","background-type":"","background-media":"","overlay-type":"","overlay-color":"","overlay-opacity":"","overlay-gradient":""},"mobile":{"background-color":"","background-image":"","background-repeat":"repeat","background-position":"center center","background-size":"auto","background-attachment":"scroll","background-type":"","background-media":"","overlay-type":"","overlay-color":"","overlay-opacity":"","overlay-gradient":""}},"ast-content-background-meta":{"desktop":{"background-color":"var(--ast-global-color-5)","background-image":"","background-repeat":"repeat","background-position":"center center","background-size":"auto","background-attachment":"scroll","background-type":"","background-media":"","overlay-type":"","overlay-color":"","overlay-opacity":"","overlay-gradient":""},"tablet":{"background-color":"var(--ast-global-color-5)","background-image":"","background-repeat":"repeat","background-position":"center center","background-size":"auto","background-attachment":"scroll","background-type":"","background-media":"","overlay-type":"","overlay-color":"","overlay-opacity":"","overlay-gradient":""},"mobile":{"background-color":"var(--ast-global-color-5)","background-image":"","background-repeat":"repeat","background-position":"center center","background-size":"auto","background-attachment":"scroll","background-type":"","background-media":"","overlay-type":"","overlay-color":"","overlay-opacity":"","overlay-gradient":""}},"footnotes":""},"class_list":["post-497","page","type-page","status-publish","hentry"],"_links":{"self":[{"href":"https:\/\/omra-asso.fr\/index.php\/wp-json\/wp\/v2\/pages\/497","targetHints":{"allow":["GET"]}}],"collection":[{"href":"https:\/\/omra-asso.fr\/index.php\/wp-json\/wp\/v2\/pages"}],"about":[{"href":"https:\/\/omra-asso.fr\/index.php\/wp-json\/wp\/v2\/types\/page"}],"author":[{"embeddable":true,"href":"https:\/\/omra-asso.fr\/index.php\/wp-json\/wp\/v2\/users\/1"}],"replies":[{"embeddable":true,"href":"https:\/\/omra-asso.fr\/index.php\/wp-json\/wp\/v2\/comments?post=497"}],"version-history":[{"count":1865,"href":"https:\/\/omra-asso.fr\/index.php\/wp-json\/wp\/v2\/pages\/497\/revisions"}],"predecessor-version":[{"id":8198,"href":"https:\/\/omra-asso.fr\/index.php\/wp-json\/wp\/v2\/pages\/497\/revisions\/8198"}],"wp:attachment":[{"href":"https:\/\/omra-asso.fr\/index.php\/wp-json\/wp\/v2\/media?parent=497"}],"curies":[{"name":"wp","href":"https:\/\/api.w.org\/{rel}","templated":true}]}}